{"id":1773,"date":"2023-07-27T06:15:00","date_gmt":"2023-07-27T04:15:00","guid":{"rendered":"http:\/\/kapitularz.pl\/?page_id=145"},"modified":"2023-07-27T05:47:39","modified_gmt":"2023-07-27T05:47:39","slug":"o-nas","status":"publish","type":"page","link":"http:\/\/archiwum.kapitularz.pl\/index.php\/o-nas\/","title":{"rendered":"O NAS"},"content":{"rendered":"\n<p><\/p>\n\n\n<div class=\"wp-block-image\">\n<figure class=\"aligncenter size-large is-resized\"><img decoding=\"async\" loading=\"lazy\" src=\"http:\/\/archiwum.kapitularz.pl\/wp-content\/uploads\/2018\/08\/k_1200-1024x611.png\" alt=\"\" class=\"wp-image-990\" width=\"173\" height=\"103\" srcset=\"http:\/\/archiwum.kapitularz.pl\/wp-content\/uploads\/2018\/08\/k_1200-1024x611.png 1024w, http:\/\/archiwum.kapitularz.pl\/wp-content\/uploads\/2018\/08\/k_1200-600x358.png 600w, http:\/\/archiwum.kapitularz.pl\/wp-content\/uploads\/2018\/08\/k_1200-300x179.png 300w, http:\/\/archiwum.kapitularz.pl\/wp-content\/uploads\/2018\/08\/k_1200-768x459.png 768w, http:\/\/archiwum.kapitularz.pl\/wp-content\/uploads\/2018\/08\/k_1200-1568x936.png 1568w, http:\/\/archiwum.kapitularz.pl\/wp-content\/uploads\/2018\/08\/k_1200.png 1998w\" sizes=\"(max-width: 173px) 100vw, 173px\" \/><\/figure><\/div>\n\n\n<p>Kapitularz to trzydniowy festiwal kultury popularnej i fantastyki. Znajdziesz tu spotkania z pisarzami i naukowcami, dyskusje, prelekcje, warsztaty, pokazy i wyst\u0119py. Nasze wydarzenie jest organizowane jako impreza non-profit \u2013 finansowane ze \u015brodk\u00f3w w\u0142asnych Fundacji Fantastyczne Inicjatywy, oraz dotacji celowej miasta \u0141odzi.<\/p>\n\n\n\n<div class=\"wp-block-media-text alignwide has-media-on-the-right is-stacked-on-mobile\"><div class=\"wp-block-media-text__content\">\n<h1 class=\"wp-block-heading\"><\/h1>\n\n\n\n<p>Najbli\u017csza (siedemnasta!) edycja b\u0119dzie wyj\u0105tkowa z dw\u00f3ch powod\u00f3w.&nbsp;<br>Po pierwsze dlatego, \u017ce odb\u0119dzie si\u0119 w randze Polconu, czyli najstarszego konwentu dla fan\u00f3w fantastyki w Polsce.&nbsp;<\/p>\n\n\n\n<p>Po drugie dlatego, i\u017c tegoroczny \u0142\u00f3dzki festiwal fantastyki organizujemy pod has\u0142em \u201eNowa Wspania\u0142a Planeta \u2013 pozytywne wizje przysz\u0142o\u015bci\u201d. Przedyskutuj z nami swoje pasje, stw\u00f3rz co\u015b z niczego, do\u015bwiadcz wspania\u0142ej przygody lub przysi\u0105d\u017a do teorii i zag\u0142\u0119b si\u0119 w wybrany przez Ciebie aspekt przysz\u0142o\u015bci.<\/p>\n<\/div><figure class=\"wp-block-media-text__media\"><img decoding=\"async\" src=\"http:\/\/kapitularz.pl\/wp-content\/uploads\/2019\/06\/190115_Kolaz.jpg\" alt=\"\" class=\"wp-image-1722 size-full\"\/><\/figure><\/div>\n\n\n\n<p>Chcemy, wsp\u00f3lnie z Tob\u0105 stworzy\u0107 nie tylko Kapitularz czy Polcon 2023, przynosz\u0105cy ze sob\u0105 morze dobrego literackiego programu, ale przede wszystkim miejsce, w kt\u00f3rym fandom jest otwarty i przyjazny dla os\u00f3b, kt\u00f3re chc\u0105 w nim wsp\u00f3\u0142uczestniczy\u0107.<\/p>\n\n\n\n<p>Bez wzgl\u0119du na to czy przygotowa\u0142_e\u015b\/a\u015b wspania\u0142y punkt programu, chcesz sp\u0119dzi\u0107 czas ze znajomymi uczestnicz\u0105c w konwencie, czy te\u017c jeste\u015b seryjnym konwentowym wolontariuszem cieszymy si\u0119, \u017ce spotkamy Ci\u0119 w \u0141odzi!<\/p>\n\n\n\n<div class=\"wp-block-media-text alignwide is-stacked-on-mobile\"><figure class=\"wp-block-media-text__media\"><img decoding=\"async\" src=\"http:\/\/kapitularz.pl\/wp-content\/uploads\/2019\/06\/Lokalizacja.png\" alt=\"\" class=\"wp-image-1725 size-full\"\/><\/figure><div class=\"wp-block-media-text__content\">\n<h1 class=\"wp-block-heading\">NASZE MIEJSCE<\/h1>\n\n\n\n<p>\u0141\u00f3dzki Festiwal Fantastyki Kapitularz od 2017 roku go\u015bci w budynku Wydzia\u0142u Filologicznego Uniwersytetu \u0141\u00f3dzkiego (ul. Pomorska 171-173, \u0141\u00f3d\u017a). Okolice kampusu s\u0105 oddalone o 3 km od centrum \u0141odzi, dojedziesz do nas wygodnie komunikacj\u0105 miejsk\u0105 ze stacji kolejowej \u0141\u00f3d\u017a Fabryczna i \u0141\u00f3d\u017a Kaliska.<\/p>\n\n\n\n<p>Miejsce to sprawia, \u017ce jeste\u015bmy konwentem dost\u0119pnym: na terenie wydzia\u0142u nie znajdziesz barier architektonicznych, a psy pracuj\u0105ce s\u0105 mile widziane.<\/p>\n\n\n\n<p><br><\/p>\n<\/div><\/div>\n\n\n\n<p><\/p>\n","protected":false},"excerpt":{"rendered":"<div class=\"entry-summary\">\nKapitularz to trzydniowy festiwal kultury popularnej i fantastyki. Znajdziesz tu spotkania z pisarzami i naukowcami, dyskusje, prelekcje, warsztaty, pokazy i&hellip;\n<\/div>\n<div class=\"link-more\"><a href=\"http:\/\/archiwum.kapitularz.pl\/index.php\/o-nas\/\" class=\"more-link\">Continue reading<span class=\"screen-reader-text\"> &ldquo;O NAS&rdquo;<\/span>&hellip;<\/a><\/div>\n","protected":false},"author":1,"featured_media":0,"parent":0,"menu_order":0,"comment_status":"closed","ping_status":"closed","template":"","meta":[],"acf":[],"_links":{"self":[{"href":"http:\/\/archiwum.kapitularz.pl\/index.php\/wp-json\/wp\/v2\/pages\/1773"}],"collection":[{"href":"http:\/\/archiwum.kapitularz.pl\/index.php\/wp-json\/wp\/v2\/pages"}],"about":[{"href":"http:\/\/archiwum.kapitularz.pl\/index.php\/wp-json\/wp\/v2\/types\/page"}],"author":[{"embeddable":true,"href":"http:\/\/archiwum.kapitularz.pl\/index.php\/wp-json\/wp\/v2\/users\/1"}],"replies":[{"embeddable":true,"href":"http:\/\/archiwum.kapitularz.pl\/index.php\/wp-json\/wp\/v2\/comments?post=1773"}],"version-history":[{"count":2,"href":"http:\/\/archiwum.kapitularz.pl\/index.php\/wp-json\/wp\/v2\/pages\/1773\/revisions"}],"predecessor-version":[{"id":6085,"href":"http:\/\/archiwum.kapitularz.pl\/index.php\/wp-json\/wp\/v2\/pages\/1773\/revisions\/6085"}],"wp:attachment":[{"href":"http:\/\/archiwum.kapitularz.pl\/index.php\/wp-json\/wp\/v2\/media?parent=1773"}],"curies":[{"name":"wp","href":"https:\/\/api.w.org\/{rel}","templated":true}]}}