{"id":5816,"date":"2023-07-04T23:13:14","date_gmt":"2023-07-04T21:13:14","guid":{"rendered":"https:\/\/kapitularz.pl\/?page_id=5816"},"modified":"2023-07-04T23:13:14","modified_gmt":"2023-07-04T21:13:14","slug":"polcon-na-kapitularzu","status":"publish","type":"page","link":"http:\/\/archiwum.kapitularz.pl\/index.php\/polcon-na-kapitularzu\/","title":{"rendered":"Polcon na Kapitularzu"},"content":{"rendered":"\n<h2 class=\"wp-block-heading\">O Polconie<\/h2>\n\n\n\n<p>Polcon to najstarszy polski konwent fan\u00f3w fantastyki. Organizowany od 1983 roku, tradycyjnie jest imprez\u0105 objazdow\u0105, goszcz\u0105c\u0105 co roku w innym mie\u015bcie, tworzon\u0105 przez inn\u0105 fantastyczn\u0105 organizacj\u0119, od 2003 roku przy wsp\u00f3\u0142udziale Zwi\u0105zku Stowarzysze\u0144 \u201cFandom Polski\u201d. Sta\u0142ym punktem programu, niemal od pocz\u0105tku wpisanym w za\u0142o\u017cenia konwentu, jest gala wr\u0119czenia Nagrody im. Janusza A. Zajdla &#8211; wyr\u00f3\u017cnienia przyznawanego pisarzom&nbsp; i pisarkom, okre\u015blaj\u0105cych si\u0119 jako fanta\u015bci, przez cz\u0142onk\u00f3w fandomu.&nbsp;<\/p>\n\n\n\n<p>W dniu wr\u0119czenia Nagrody odbywa si\u0119 r\u00f3wnie\u017c tradycyjnie Forum Fandomu, punkt programu otwarty jest dla wszystkich uczestnik\u00f3w. W trakcie obrad podejmujemy decyzje dotycz\u0105ce Nagrody, przysz\u0142ych Polcon\u00f3w oraz innych wsp\u00f3lnych projekt\u00f3w fan\u00f3w z ca\u0142ego kraju. Staramy si\u0119 r\u00f3wnie\u017c, aby nasza impreza by\u0142a swoistym \u015bwi\u0119tem ruchu fanowskiego, z go\u015b\u0107mi honorowymi zas\u0142u\u017conymi dla fantastyki i fandomu w Polsce oraz punktami programu po\u015bwi\u0119conymi popularyzacji i celebracji naszego wsp\u00f3lnego hobby.<\/p>\n\n\n\n<p>Pocz\u0105wszy od roku 2021 najcz\u0119stsz\u0105 form\u0105 organizacji tego konwentu jest przyznanie statusu Polconu lokalnej imprezie.<\/p>\n\n\n\n<h2 class=\"wp-block-heading\">Rada Fandomu<\/h2>\n\n\n\n<p>Spotkanie przedstawicieli organizacji zrzeszonych w Zwi\u0105zku Stowarzysze\u0144 \u201cFandom Polski\u201d, na kt\u00f3rym dyskutowane b\u0119d\u0105 bie\u017c\u0105ce sprawy Zwi\u0105zku oraz plany na nast\u0119pny rok. Rada ma charakter otwarty &#8211; je\u015bli nie nale\u017cysz do \u017cadnego klubu, ale masz ochot\u0119 pos\u0142ucha\u0107 lub w\u0142\u0105czy\u0107 si\u0119 w dyskusj\u0119, zapraszamy!<\/p>\n\n\n\n<h2 class=\"wp-block-heading\">Forum Fandomu<\/h2>\n\n\n\n<p>Otwarte zebranie fan\u00f3w fantastyki, odbywaj\u0105ce si\u0119 tradycyjnie na ka\u017cdym Polconie. Wybierzemy na nim komisj\u0119 licz\u0105c\u0105 g\u0142osy na Nagrod\u0119 im. Janusza A. Zajdla, zdecydujemy gdzie odb\u0119dzie si\u0119 przysz\u0142oroczny Polcon oraz porozmawiamy o r\u00f3\u017cnych istotnych dla Fandomu kwestiach.<\/p>\n\n\n\n<h2 class=\"wp-block-heading\">Nagroda im. Janusza A. Zajdla<\/h2>\n\n\n\n<p>Nagroda im. Janusza A. Zajdla jest coroczn\u0105 nagrod\u0105 literack\u0105, przyznawan\u0105 autorom najlepszych polskich i fantastycznych utwor\u00f3w literackich. Nagroda przyznawana jest w dw\u00f3ch kategoriach: powie\u015bci i opowiadania.<\/p>\n\n\n\n<p>Ka\u017cdy czytelnik fantastyki mo\u017ce wybra\u0107 od jednego do pi\u0119ciu utwor\u00f3w wydanych w poprzednim roku kalendarzowym, wszyscy maj\u0105 prawo do wskazania od jednej do pi\u0119ciu pozycji w obu kategoriach. Powie\u015bci i opowiadania (po pi\u0119\u0107 utwor\u00f3w) najcz\u0119\u015bciej wskazywane przez g\u0142osuj\u0105cych w pierwszej fazie Konkursu, znajdzie si\u0119 na li\u015bcie nominacji do Nagrody. Spo\u015br\u00f3d nich uczestnicy Polconu, czyli Og\u00f3lnopolskiego Konwentu Mi\u0142o\u015bnik\u00f3w Fantastyki, dokonaj\u0105 wyboru Laureat\u00f3w.<\/p>\n\n\n\n<p>Aby wzi\u0105\u0107 udzia\u0142 w g\u0142osowaniu wy\u0142aniaj\u0105cym laureat\u00f3w nie musisz na Polcon przyje\u017cd\u017ca\u0107 \u2013 wystarczy wykupi\u0107 <a rel=\"noreferrer noopener\" href=\"https:\/\/tinyurl.com\/site-akre-zajdel23\" target=\"_blank\">akredytacj\u0119 wspieraj\u0105c\u0105<\/a>.<\/p>\n","protected":false},"excerpt":{"rendered":"<div class=\"entry-summary\">\nO Polconie Polcon to najstarszy polski konwent fan\u00f3w fantastyki. Organizowany od 1983 roku, tradycyjnie jest imprez\u0105 objazdow\u0105, goszcz\u0105c\u0105 co roku&hellip;\n<\/div>\n<div class=\"link-more\"><a href=\"http:\/\/archiwum.kapitularz.pl\/index.php\/polcon-na-kapitularzu\/\" class=\"more-link\">Continue reading<span class=\"screen-reader-text\"> &ldquo;Polcon na Kapitularzu&rdquo;<\/span>&hellip;<\/a><\/div>\n","protected":false},"author":1,"featured_media":0,"parent":0,"menu_order":0,"comment_status":"closed","ping_status":"closed","template":"","meta":[],"acf":[],"_links":{"self":[{"href":"http:\/\/archiwum.kapitularz.pl\/index.php\/wp-json\/wp\/v2\/pages\/5816"}],"collection":[{"href":"http:\/\/archiwum.kapitularz.pl\/index.php\/wp-json\/wp\/v2\/pages"}],"about":[{"href":"http:\/\/archiwum.kapitularz.pl\/index.php\/wp-json\/wp\/v2\/types\/page"}],"author":[{"embeddable":true,"href":"http:\/\/archiwum.kapitularz.pl\/index.php\/wp-json\/wp\/v2\/users\/1"}],"replies":[{"embeddable":true,"href":"http:\/\/archiwum.kapitularz.pl\/index.php\/wp-json\/wp\/v2\/comments?post=5816"}],"version-history":[{"count":0,"href":"http:\/\/archiwum.kapitularz.pl\/index.php\/wp-json\/wp\/v2\/pages\/5816\/revisions"}],"wp:attachment":[{"href":"http:\/\/archiwum.kapitularz.pl\/index.php\/wp-json\/wp\/v2\/media?parent=5816"}],"curies":[{"name":"wp","href":"https:\/\/api.w.org\/{rel}","templated":true}]}}